{"id":16343,"date":"2024-07-25T06:45:40","date_gmt":"2024-07-25T04:45:40","guid":{"rendered":"https:\/\/pramensvetla.cz\/?post_type=product&#038;p=16343"},"modified":"2024-07-25T14:39:26","modified_gmt":"2024-07-25T12:39:26","slug":"divine-lotus-esence","status":"publish","type":"product","link":"https:\/\/pramensvetla.cz\/en\/produkt\/divine-lotus-esence\/","title":{"rendered":"Divine Lotus &#8211; esence"},"content":{"rendered":"<ul>\n<li><em><strong>Syt\u00ed n\u00e1s vibracemi Bo\u017estv\u00ed<\/strong><\/em> \u2013 jeho vhledu a\u00a0moudrosti.<\/li>\n<li><em><strong>Uti\u0161uje rozl\u00e9tan\u00e9 my\u0161lenky<\/strong><\/em>, kv\u016fli kter\u00fdm p\u0159ich\u00e1z\u00edme o&nbsp;drahocennou energii.<\/li>\n<li>Konej\u0161\u00ed n\u00e1s, <em><strong>uklid\u0148uje<\/strong><\/em> a\u00a0otev\u00edr\u00e1 na\u0161emu vlastn\u00edmu mistrovstv\u00ed.<\/li>\n<li><em><strong>Pom\u00e1h\u00e1 n\u00e1m porozum\u011bt<\/strong><\/em> jemn\u00e9mu poselstv\u00ed Bo\u017esk\u00e9ho veden\u00ed a&nbsp;realizovat ho ve hmotn\u00e9m sv\u011bt\u011b. D\u00edky tomu <em><strong>m\u016f\u017eeme naplnit na\u0161i \u00falohu v&nbsp;moment\u00e1ln\u00edm byt\u00ed<\/strong><\/em>.<\/li>\n<\/ul>\n<h5>Esence Bo\u017esk\u00fd lotos, Klenot \u017divota, Pan\u00ed Luna a&nbsp;Str\u00e1\u017eci element\u016f m\u016f\u017eete pou\u017e\u00edvat jednotliv\u011b nebo v&nbsp;kombinaci, nebo\u0165 se navz\u00e1jem podporuj\u00ed a&nbsp;zesiluj\u00ed tak sv\u016fj potenci\u00e1l.<\/h5>\n<p>V\u00a0ka\u017ed\u00e9 ze t\u0159\u00ed v\u016fn\u00ed Bo\u017esk\u00fd lotos, Pan\u00ed Luna a\u00a0Klenot \u017divota bylo pou\u017eito osm esenc\u00ed, ve v\u016fni Str\u00e1\u017eci element\u016f pak dev\u011bt, nebo\u0165 se v\u00a0n\u00ed po\u010d\u00edt\u00e1 i\u00a0s\u00a0\u201ep\u00e1t\u00fdm elementem\u201c. <em><strong>Celkov\u00fd sou\u010det v\u0161ech t\u00f3n\u016f d\u00e1v\u00e1 \u010d\u00edslo 33, co\u017e je mistrovsk\u00e1 vibrace, kter\u00e1 ukazuje na hloubku po\u017eehn\u00e1n\u00ed, je\u017e tyto v\u016fn\u011b spole\u010dn\u011b p\u0159in\u00e1\u0161ej\u00ed.\u00a0<\/strong><\/em><\/p>\n<h6><strong>Pou\u017eit\u00ed:<\/strong><\/h6>\n<p><em><strong>Esence je ur\u010dena p\u0159edev\u0161\u00edm k\u00a0p\u0159ivon\u011bn\u00ed.<\/strong><\/em> Po na\u0159ed\u011bn\u00ed pak na z\u00e1p\u011bst\u00ed, po stran\u00e1ch krku, na hru\u010f nebo podle intuice. M\u016f\u017eeme ji pou\u017e\u00edt i\u00a0jako p\u0159\u00edrodn\u00ed parf\u00e9m, do aromalampy, do koupele a\u00a0difuz\u00e9ru. Lze z\u00a0n\u00ed vytvo\u0159it i\u00a0mas\u00e1\u017en\u00ed olej, sta\u010d\u00ed kdy\u017e p\u00e1r kapek p\u0159id\u00e1v\u00e1me do olejov\u00e9ho z\u00e1kladu.<\/p>\n<h6><strong>Slo\u017een\u00ed:<\/strong><\/h6>\n<p>Citrus reticulata Peel Oil, Boswellia carterii Oil, Elettaria cardamomum Seed Oil, Cananga odorata Flower Oil, Acacia dealbata Flower Extract, Nelumbo nucifera Flower Extract, Nardostachys jatamansi Oil, Angelica archangelica Root Oil, Limonene*, Linalool*, Citral*, Citronellol*, Geraniol*, Benzyl alcohol*, Isoeugenol*, Eugenol*, Benzyl Salicylate*, Farnesol*, Benzyl Benzoate*<\/p>\n<p>*Alergeny<\/p>\n<p><strong>Obsah:<\/strong> 5\u00a0ml<\/p>\n","protected":false},"excerpt":{"rendered":"<p>In the glow of this candle, we rest in the arms of God and feel how powerful Force is close to us, part of us.<\/p>\n","protected":false},"featured_media":16687,"comment_status":"open","ping_status":"closed","template":"","meta":[],"product_brand":[],"product_cat":[146],"product_tag":[],"class_list":{"0":"post-16343","1":"product","2":"type-product","3":"status-publish","4":"has-post-thumbnail","6":"product_cat-mistrovske-esence","8":"first","9":"outofstock","10":"shipping-taxable","11":"purchasable","12":"product-type-simple"},"yoast_head":"<!-- This site is optimized with the Yoast SEO plugin v27.4 - https:\/\/yoast.com\/product\/yoast-seo-wordpress\/ -->\n<title>Divine Lotus - esence - Pramen sv\u011btla<\/title>\n<meta name=\"robots\" content=\"index, follow, max-snippet:-1, max-image-preview:large, max-video-preview:-1\" \/>\n<link rel=\"canonical\" href=\"https:\/\/pramensvetla.cz\/en\/produkt\/divine-lotus-esence\/\" \/>\n<meta property=\"og:locale\" content=\"en_US\" \/>\n<meta property=\"og:type\" content=\"article\" \/>\n<meta property=\"og:title\" content=\"Divine Lotus - esence - Pramen sv\u011btla\" \/>\n<meta property=\"og:description\" content=\"In the glow of this candle, we rest in the arms of God and feel how powerful Force is close to us, part of us.\" \/>\n<meta property=\"og:url\" content=\"https:\/\/pramensvetla.cz\/en\/produkt\/divine-lotus-esence\/\" \/>\n<meta property=\"og:site_name\" content=\"Pramen sv\u011btla\" \/>\n<meta property=\"article:modified_time\" content=\"2024-07-25T12:39:26+00:00\" \/>\n<meta property=\"og:image\" content=\"https:\/\/pramensvetla.cz\/wp-content\/uploads\/2024\/07\/esence4.jpg\" \/>\n\t<meta property=\"og:image:width\" content=\"750\" \/>\n\t<meta property=\"og:image:height\" content=\"500\" \/>\n\t<meta property=\"og:image:type\" content=\"image\/jpeg\" \/>\n<meta name=\"twitter:card\" content=\"summary_large_image\" \/>\n<meta name=\"twitter:label1\" content=\"Est. reading time\" \/>\n\t<meta name=\"twitter:data1\" content=\"1 minute\" \/>\n<script type=\"application\/ld+json\" class=\"yoast-schema-graph\">{\"@context\":\"https:\\\/\\\/schema.org\",\"@graph\":[{\"@type\":\"WebPage\",\"@id\":\"https:\\\/\\\/pramensvetla.cz\\\/en\\\/produkt\\\/divine-lotus-esence\\\/\",\"url\":\"https:\\\/\\\/pramensvetla.cz\\\/en\\\/produkt\\\/divine-lotus-esence\\\/\",\"name\":\"Divine Lotus - esence - Pramen sv\u011btla\",\"isPartOf\":{\"@id\":\"https:\\\/\\\/pramensvetla.cz\\\/en\\\/#website\"},\"primaryImageOfPage\":{\"@id\":\"https:\\\/\\\/pramensvetla.cz\\\/en\\\/produkt\\\/divine-lotus-esence\\\/#primaryimage\"},\"image\":{\"@id\":\"https:\\\/\\\/pramensvetla.cz\\\/en\\\/produkt\\\/divine-lotus-esence\\\/#primaryimage\"},\"thumbnailUrl\":\"https:\\\/\\\/pramensvetla.cz\\\/wp-content\\\/uploads\\\/2024\\\/07\\\/esence4.jpg\",\"datePublished\":\"2024-07-25T04:45:40+00:00\",\"dateModified\":\"2024-07-25T12:39:26+00:00\",\"breadcrumb\":{\"@id\":\"https:\\\/\\\/pramensvetla.cz\\\/en\\\/produkt\\\/divine-lotus-esence\\\/#breadcrumb\"},\"inLanguage\":\"en-US\",\"potentialAction\":[{\"@type\":\"ReadAction\",\"target\":[\"https:\\\/\\\/pramensvetla.cz\\\/en\\\/produkt\\\/divine-lotus-esence\\\/\"]}]},{\"@type\":\"ImageObject\",\"inLanguage\":\"en-US\",\"@id\":\"https:\\\/\\\/pramensvetla.cz\\\/en\\\/produkt\\\/divine-lotus-esence\\\/#primaryimage\",\"url\":\"https:\\\/\\\/pramensvetla.cz\\\/wp-content\\\/uploads\\\/2024\\\/07\\\/esence4.jpg\",\"contentUrl\":\"https:\\\/\\\/pramensvetla.cz\\\/wp-content\\\/uploads\\\/2024\\\/07\\\/esence4.jpg\",\"width\":750,\"height\":500},{\"@type\":\"BreadcrumbList\",\"@id\":\"https:\\\/\\\/pramensvetla.cz\\\/en\\\/produkt\\\/divine-lotus-esence\\\/#breadcrumb\",\"itemListElement\":[{\"@type\":\"ListItem\",\"position\":1,\"name\":\"Dom\u016f\",\"item\":\"https:\\\/\\\/pramensvetla.cz\\\/en\\\/\"},{\"@type\":\"ListItem\",\"position\":2,\"name\":\"Store\",\"item\":\"https:\\\/\\\/pramensvetla.cz\\\/en\\\/store\\\/\"},{\"@type\":\"ListItem\",\"position\":3,\"name\":\"Divine Lotus &#8211; esence\"}]},{\"@type\":\"WebSite\",\"@id\":\"https:\\\/\\\/pramensvetla.cz\\\/en\\\/#website\",\"url\":\"https:\\\/\\\/pramensvetla.cz\\\/en\\\/\",\"name\":\"Pramen sv\u011btla\",\"description\":\"\",\"publisher\":{\"@id\":\"https:\\\/\\\/pramensvetla.cz\\\/en\\\/#organization\"},\"potentialAction\":[{\"@type\":\"SearchAction\",\"target\":{\"@type\":\"EntryPoint\",\"urlTemplate\":\"https:\\\/\\\/pramensvetla.cz\\\/en\\\/?s={search_term_string}\"},\"query-input\":{\"@type\":\"PropertyValueSpecification\",\"valueRequired\":true,\"valueName\":\"search_term_string\"}}],\"inLanguage\":\"en-US\"},{\"@type\":\"Organization\",\"@id\":\"https:\\\/\\\/pramensvetla.cz\\\/en\\\/#organization\",\"name\":\"Pramen sv\u011btla\",\"url\":\"https:\\\/\\\/pramensvetla.cz\\\/en\\\/\",\"logo\":{\"@type\":\"ImageObject\",\"inLanguage\":\"en-US\",\"@id\":\"https:\\\/\\\/pramensvetla.cz\\\/en\\\/#\\\/schema\\\/logo\\\/image\\\/\",\"url\":\"https:\\\/\\\/pramensvetla.cz\\\/wp-content\\\/uploads\\\/2022\\\/10\\\/cropped-PS_logo_new_verticat_white.webp\",\"contentUrl\":\"https:\\\/\\\/pramensvetla.cz\\\/wp-content\\\/uploads\\\/2022\\\/10\\\/cropped-PS_logo_new_verticat_white.webp\",\"width\":1860,\"height\":875,\"caption\":\"Pramen sv\u011btla\"},\"image\":{\"@id\":\"https:\\\/\\\/pramensvetla.cz\\\/en\\\/#\\\/schema\\\/logo\\\/image\\\/\"}}]}<\/script>\n<!-- \/ Yoast SEO plugin. -->","yoast_head_json":{"title":"Divine Lotus - esence - Pramen sv\u011btla","robots":{"index":"index","follow":"follow","max-snippet":"max-snippet:-1","max-image-preview":"max-image-preview:large","max-video-preview":"max-video-preview:-1"},"canonical":"https:\/\/pramensvetla.cz\/en\/produkt\/divine-lotus-esence\/","og_locale":"en_US","og_type":"article","og_title":"Divine Lotus - esence - Pramen sv\u011btla","og_description":"In the glow of this candle, we rest in the arms of God and feel how powerful Force is close to us, part of us.","og_url":"https:\/\/pramensvetla.cz\/en\/produkt\/divine-lotus-esence\/","og_site_name":"Pramen sv\u011btla","article_modified_time":"2024-07-25T12:39:26+00:00","og_image":[{"width":750,"height":500,"url":"https:\/\/pramensvetla.cz\/wp-content\/uploads\/2024\/07\/esence4.jpg","type":"image\/jpeg"}],"twitter_card":"summary_large_image","twitter_misc":{"Est. reading time":"1 minute"},"schema":{"@context":"https:\/\/schema.org","@graph":[{"@type":"WebPage","@id":"https:\/\/pramensvetla.cz\/en\/produkt\/divine-lotus-esence\/","url":"https:\/\/pramensvetla.cz\/en\/produkt\/divine-lotus-esence\/","name":"Divine Lotus - esence - Pramen sv\u011btla","isPartOf":{"@id":"https:\/\/pramensvetla.cz\/en\/#website"},"primaryImageOfPage":{"@id":"https:\/\/pramensvetla.cz\/en\/produkt\/divine-lotus-esence\/#primaryimage"},"image":{"@id":"https:\/\/pramensvetla.cz\/en\/produkt\/divine-lotus-esence\/#primaryimage"},"thumbnailUrl":"https:\/\/pramensvetla.cz\/wp-content\/uploads\/2024\/07\/esence4.jpg","datePublished":"2024-07-25T04:45:40+00:00","dateModified":"2024-07-25T12:39:26+00:00","breadcrumb":{"@id":"https:\/\/pramensvetla.cz\/en\/produkt\/divine-lotus-esence\/#breadcrumb"},"inLanguage":"en-US","potentialAction":[{"@type":"ReadAction","target":["https:\/\/pramensvetla.cz\/en\/produkt\/divine-lotus-esence\/"]}]},{"@type":"ImageObject","inLanguage":"en-US","@id":"https:\/\/pramensvetla.cz\/en\/produkt\/divine-lotus-esence\/#primaryimage","url":"https:\/\/pramensvetla.cz\/wp-content\/uploads\/2024\/07\/esence4.jpg","contentUrl":"https:\/\/pramensvetla.cz\/wp-content\/uploads\/2024\/07\/esence4.jpg","width":750,"height":500},{"@type":"BreadcrumbList","@id":"https:\/\/pramensvetla.cz\/en\/produkt\/divine-lotus-esence\/#breadcrumb","itemListElement":[{"@type":"ListItem","position":1,"name":"Dom\u016f","item":"https:\/\/pramensvetla.cz\/en\/"},{"@type":"ListItem","position":2,"name":"Store","item":"https:\/\/pramensvetla.cz\/en\/store\/"},{"@type":"ListItem","position":3,"name":"Divine Lotus &#8211; esence"}]},{"@type":"WebSite","@id":"https:\/\/pramensvetla.cz\/en\/#website","url":"https:\/\/pramensvetla.cz\/en\/","name":"Pramen sv\u011btla","description":"","publisher":{"@id":"https:\/\/pramensvetla.cz\/en\/#organization"},"potentialAction":[{"@type":"SearchAction","target":{"@type":"EntryPoint","urlTemplate":"https:\/\/pramensvetla.cz\/en\/?s={search_term_string}"},"query-input":{"@type":"PropertyValueSpecification","valueRequired":true,"valueName":"search_term_string"}}],"inLanguage":"en-US"},{"@type":"Organization","@id":"https:\/\/pramensvetla.cz\/en\/#organization","name":"Pramen sv\u011btla","url":"https:\/\/pramensvetla.cz\/en\/","logo":{"@type":"ImageObject","inLanguage":"en-US","@id":"https:\/\/pramensvetla.cz\/en\/#\/schema\/logo\/image\/","url":"https:\/\/pramensvetla.cz\/wp-content\/uploads\/2022\/10\/cropped-PS_logo_new_verticat_white.webp","contentUrl":"https:\/\/pramensvetla.cz\/wp-content\/uploads\/2022\/10\/cropped-PS_logo_new_verticat_white.webp","width":1860,"height":875,"caption":"Pramen sv\u011btla"},"image":{"@id":"https:\/\/pramensvetla.cz\/en\/#\/schema\/logo\/image\/"}}]}},"_links":{"self":[{"href":"https:\/\/pramensvetla.cz\/en\/wp-json\/wp\/v2\/product\/16343","targetHints":{"allow":["GET"]}}],"collection":[{"href":"https:\/\/pramensvetla.cz\/en\/wp-json\/wp\/v2\/product"}],"about":[{"href":"https:\/\/pramensvetla.cz\/en\/wp-json\/wp\/v2\/types\/product"}],"replies":[{"embeddable":true,"href":"https:\/\/pramensvetla.cz\/en\/wp-json\/wp\/v2\/comments?post=16343"}],"version-history":[{"count":0,"href":"https:\/\/pramensvetla.cz\/en\/wp-json\/wp\/v2\/product\/16343\/revisions"}],"wp:featuredmedia":[{"embeddable":true,"href":"https:\/\/pramensvetla.cz\/en\/wp-json\/wp\/v2\/media\/16687"}],"wp:attachment":[{"href":"https:\/\/pramensvetla.cz\/en\/wp-json\/wp\/v2\/media?parent=16343"}],"wp:term":[{"taxonomy":"product_brand","embeddable":true,"href":"https:\/\/pramensvetla.cz\/en\/wp-json\/wp\/v2\/product_brand?post=16343"},{"taxonomy":"product_cat","embeddable":true,"href":"https:\/\/pramensvetla.cz\/en\/wp-json\/wp\/v2\/product_cat?post=16343"},{"taxonomy":"product_tag","embeddable":true,"href":"https:\/\/pramensvetla.cz\/en\/wp-json\/wp\/v2\/product_tag?post=16343"}],"curies":[{"name":"wp","href":"https:\/\/api.w.org\/{rel}","templated":true}]}}