{"id":18432,"date":"2024-10-02T09:11:21","date_gmt":"2024-10-02T07:11:21","guid":{"rendered":"https:\/\/pramensvetla.cz\/?post_type=product&#038;p=18432"},"modified":"2024-11-04T08:35:16","modified_gmt":"2024-11-04T07:35:16","slug":"self-love-candle-princess-earth-queen-of-the-prosperity-of-the-universe","status":"publish","type":"product","link":"https:\/\/pramensvetla.cz\/en\/produkt\/self-love-candle-princess-earth-queen-of-the-prosperity-of-the-universe\/","title":{"rendered":"Self-Love Candle &#8211; Princess Earth &#8211; Queen of the Prosperity of the Universe"},"content":{"rendered":"<p><strong>This is a&nbsp;major transformative candle<\/strong>, where from the very first moment you will feel the power of the Divine essence that is anchored in it.<\/p>\n<p>With the Self-Love Candle <strong>you will fully experience that you are worthy of all the beauty and abundance of being<\/strong>. Its miraculous vibration will guide you to be filled with Divine Love and to illuminate the gifts that have been entrusted to you for your earthly journey.<\/p>\n<p>Its fire will illuminate your inner strength and unboundedness, burning away masks and dissolving obstacles so that no one and nothing will stop you from truly being who you are deep within your Soul.<\/p>\n<p>This candle <strong>supports the dissolution of the programs that create your non-love, non-value, and therefore non-sufficiency settings<\/strong>. It will help you break out of the belief that some things are only there for others and not for you, and that everything must be worked on hard and earned.<\/p>\n<p>It will lead you to grasp your inner Light with humbleness, to let it shine with determination, and to truly live and receive all that Life gives you and has in store for you.<\/p>\n<p><strong>The essences of this candle<\/strong> extend deep through the field of the Earth to the very wealth of the Princess Earth, and at the same time the frequencies of the Queen of Prosperity of the Universe flow through them. Through this candle <strong>they work with us and tune our energies into a&nbsp;field of infinite generosity<\/strong>.<\/p>\n<p>The glow of the Self-Love Candle heals the need to be in control of ourselves and events, releasing us from perfectionism and pressure on ourselves and others. It frees us from the syndrome of suffering and self-torture, from self-pity, from self-loathing and self-sacrifice. It helps you to leave behind ALL that is harmful to you.<\/p>\n<p><strong>The magical flame can also release you from stuck, unhealthy relationships <\/strong>(I&nbsp;recommend some really deeply humble work here) <strong>and support you in your ability to set healthy, firm boundaries.<\/strong><\/p>\n<p>It aligns the levels of being where you lack self-love, or instead mistake it for superiority, pride, arrogance, being a&nbsp;know-it-all, worrying about yourself, being lazy, saving yourself, or wanting to save others.<\/p>\n<p>It deeply takes care of you wherever you lack the healthy strength, desire or determination to take decisive action for fear of being seen, of being different. <strong>It makes you relax into the beauty of your own being, accept yourself and see your worth and gifts truthfully.<\/strong><\/p>\n<p>The immense Higher Love flows through this candle to assist you in experiencing love for yourself and thus for other people, the world, the Whole. By its light you will literally receive an energizing bath that will work its way through all your subtle bodies into the physical body.<\/p>\n<p>This <strong>candle carries the deep compassion, respect, unconditional love and reverence of our Guides<\/strong>, and we then feel deep in our hearts their pure emotion, belonging and strong respect, for They are aware of how challenging we sometimes have it in the earthly realm, and deeply appreciate us for it.<\/p>\n<p>Feeling this reality is beautiful, touching, healing and leads us to realize how Divine Beings we really are \ud83d\udc97.<\/p>\n<p>I recommend you read the article about its birth, which will reveal to you the profound extent of this candle\u2764\ufe0f <a href=\"https:\/\/pramensvetla.cz\/laska-ktera-zivi-cely-svet\/\"><strong>Love that feeds the whole world<\/strong><\/a><\/p>\n<p>***<\/p>\n<p>The Self Love candle is (along with the <a href=\"https:\/\/pramensvetla.cz\/produkt\/svicka-solarni-boure-pozehnana-svetelna-cyklona\/\"><strong>Solar Storm<\/strong><\/a>) one of the greatest candles from the Spring of Light, for Self-Love needs time and kind patience.<\/p>\n<p>The text is for informational purposes only, as in the context of your journey, uniqueness, Soul intention, needs and Personal Story, the living frequencies and use values of the candles may evolve, change and create what you need. The candles from my workshop guide the Beings of Light and actively respond to each of us.<\/p>\n<p>Each candle includes a&nbsp;tag with information about the candle.sebemrska\u010dstv\u00ed a&nbsp;ob\u011btov\u00e1n\u00ed se. Pom\u016f\u017ee v\u00e1m, abyste za sebou nechali V\u0160E, co v\u00e1m \u0161kod\u00ed.<\/p>\n<p><strong>Magick\u00fd plamen v\u00e1s m\u016f\u017ee uvolnit i\u00a0ze zacyklen\u00fdch, nezdrav\u00fdch vztah\u016f <\/strong>(zde doporu\u010duji opravdu hluboce pokornou pr\u00e1ci) <strong>a\u00a0podpo\u0159\u00ed v\u00e1s ve schopnosti nastavit si zdrav\u00e9 a\u00a0pevn\u00e9 hranice.<\/strong><\/p>\n<p>Vyla\u010fuje roviny byt\u00ed, kde postr\u00e1d\u00e1te l\u00e1sku k\u00a0sob\u011b sam\u00fdm, anebo ji naopak zam\u011b\u0148ujete za nad\u0159azenost, p\u00fdchu, aroganci, p\u0159\u00edli\u0161n\u00e9 chytra\u010den\u00ed, strachov\u00e1n\u00ed se o\u00a0sebe, leno\u0161en\u00ed, \u0161et\u0159en\u00ed se, nebo za touhu zachra\u0148ovat ostatn\u00ed.<\/p>\n<p>Hluboce v\u00e1s ope\u010duje v\u0161ude tam, kde postr\u00e1d\u00e1te zdravou s\u00edlu, chu\u0165 nebo odhodl\u00e1n\u00ed \u010dinit rozhodn\u00e9 kroky ze strachu b\u00fdt vid\u011bt, b\u00fdt jin\u00fd. <strong>D\u00edky n\u00ed se uvoln\u00edte do kr\u00e1sy vlastn\u00edho byt\u00ed, akceptujete sebe sam\u00e9 a\u00a0pravdiv\u011b uvid\u00edte svou hodnotu a\u00a0dary.<\/strong><\/p>\n<p>Skrze tuto sv\u00edci proud\u00ed nesm\u00edrn\u00e1 Vy\u0161\u0161\u00ed l\u00e1ska, kter\u00e1 v\u00e1m napom\u016f\u017ee v&nbsp;pro\u017e\u00edv\u00e1n\u00ed l\u00e1sky k&nbsp;sob\u011b a&nbsp;t\u00edm i&nbsp;k&nbsp;ostatn\u00edm lidem, sv\u011btu, Celku. P\u0159i jej\u00edm svitu se v\u00e1m dostane doslova energetizuj\u00edc\u00ed koupele, kter\u00e1 se prop\u00ed\u0161e skrze v\u0161echna va\u0161e jemn\u00e1 t\u011bla a\u017e do t\u011bla fyzick\u00e9ho.<\/p>\n<p>Tato <strong>sv\u00edce nese hlubok\u00fd soucit, respekt, bezpodm\u00edne\u010dnou l\u00e1sku a&nbsp;\u00factu na\u0161ich Pr\u016fvodc\u016f<\/strong> a&nbsp;my pak hluboko ve sv\u00e9m srdci vn\u00edm\u00e1me jejich \u010dist\u00fd cit, soun\u00e1le\u017eitost a&nbsp;siln\u00fd respekt, nebo\u0165 Oni si jsou v\u011bdomi, jak moc to n\u011bkdy v&nbsp;pozemsk\u00e9 sf\u00e9\u0159e m\u00e1me n\u00e1ro\u010dn\u00e9, a&nbsp;hluboce n\u00e1s za to oce\u0148uj\u00ed.<br \/>\nProc\u00edt\u011bn\u00ed t\u00e9to skute\u010dnosti je n\u00e1dhern\u00e9, dojemn\u00e9, l\u00e9\u010div\u00e9 a&nbsp;vede n\u00e1s ke zv\u011bdom\u011bn\u00ed, jak Bo\u017e\u00ed bytosti doopravdy Jsme \ud83d\udc97.<\/p>\n<p>Doporu\u010duji V\u00e1m p\u0159e\u010d\u00edst si \u010dl\u00e1nek o&nbsp;jej\u00edm zrozen\u00ed, kter\u00fd V\u00e1m odhal\u00ed hlubok\u00fd rozsah t\u00e9to sv\u00edce\u2764\ufe0f <span style=\"text-decoration: underline;\"><strong><a href=\"https:\/\/pramensvetla.cz\/laska-ktera-zivi-cely-svet\/\" target=\"_blank\" rel=\"noopener\">L\u00e1ska, kter\u00e1 \u017eiv\u00ed cel\u00fd sv\u011bt <\/a><\/strong><\/span><\/p>\n<p>***<\/p>\n<p>Sv\u00edce Sebel\u00e1ska pat\u0159\u00ed (spolu se <span style=\"text-decoration: underline;\"><strong><a href=\"https:\/\/pramensvetla.cz\/produkt\/svicka-solarni-boure-pozehnana-svetelna-cyklona\/\" target=\"_blank\" rel=\"noopener\">Sol\u00e1rn\u00ed bou\u0159\u00ed<\/a><\/strong><\/span>) k\u00a0nejv\u011bt\u0161\u00edm sv\u00edc\u00edm z\u00a0Pramene sv\u011btla, nebo\u0165 sebel\u00e1ska pot\u0159ebuje \u010das a\u00a0laskavou trp\u011blivost.<\/p>\n<p>Text je pouze informa\u010dn\u00ed, nebo\u0165 v\u00a0souvislosti s\u00a0va\u0161\u00ed cestou, jedine\u010dnost\u00ed, z\u00e1m\u011brem Du\u0161e, pot\u0159ebami a\u00a0Osobn\u00edm p\u0159\u00edb\u011bhem se mohou \u017eiv\u00e9 frekvence a\u00a0u\u017eitn\u00e9 hodnoty sv\u00ed\u010dek vyv\u00edjet, m\u011bnit a\u00a0tvo\u0159it tak to, co pr\u00e1v\u011b pot\u0159ebujete. Sv\u00ed\u010dky z\u00a0m\u00e9 d\u00edlny prov\u00e1z\u00ed Bytosti Sv\u011btla a\u00a0aktivn\u011b reaguj\u00ed na ka\u017ed\u00e9ho z\u00a0n\u00e1s.<\/p>\n<p>Sou\u010d\u00e1st\u00ed ka\u017ed\u00e9 sv\u00ed\u010dky je i&nbsp;visa\u010dka s&nbsp;informacemi o&nbsp;sv\u00edci.<\/p>\n<p>&nbsp;<\/p>\n<p>V\u00fd\u0161ka sv\u00ed\u010dky: 25 cm<br \/>\nPr\u016fm\u011br: 6 cm<\/p>\n","protected":false},"excerpt":{"rendered":"<p>It leads to the fulfillment of the greatest and most important mission of every human being &#8211; living in authentic strength and inner kindness to oneself.<\/p>\n","protected":false},"featured_media":17868,"comment_status":"open","ping_status":"closed","template":"","meta":[],"product_brand":[],"product_cat":[320,309],"product_tag":[],"class_list":{"0":"post-18432","1":"product","2":"type-product","3":"status-publish","4":"has-post-thumbnail","6":"product_cat-divine-candles","7":"product_cat-master-candles","9":"first","10":"instock","11":"shipping-taxable","12":"purchasable","13":"product-type-simple"},"yoast_head":"<!-- This site is optimized with the Yoast SEO plugin v27.4 - https:\/\/yoast.com\/product\/yoast-seo-wordpress\/ -->\n<title>Self-Love Candle - Princess Earth - Queen of the Prosperity of the Universe - Pramen sv\u011btla<\/title>\n<meta name=\"robots\" content=\"index, follow, max-snippet:-1, max-image-preview:large, max-video-preview:-1\" \/>\n<link rel=\"canonical\" href=\"https:\/\/pramensvetla.cz\/en\/produkt\/self-love-candle-princess-earth-queen-of-the-prosperity-of-the-universe\/\" \/>\n<meta property=\"og:locale\" content=\"en_US\" \/>\n<meta property=\"og:type\" content=\"article\" \/>\n<meta property=\"og:title\" content=\"Self-Love Candle - Princess Earth - Queen of the Prosperity of the Universe - Pramen sv\u011btla\" \/>\n<meta property=\"og:description\" content=\"It leads to the fulfillment of the greatest and most important mission of every human being - living in authentic strength and inner kindness to oneself.\" \/>\n<meta property=\"og:url\" content=\"https:\/\/pramensvetla.cz\/en\/produkt\/self-love-candle-princess-earth-queen-of-the-prosperity-of-the-universe\/\" \/>\n<meta property=\"og:site_name\" content=\"Pramen sv\u011btla\" \/>\n<meta property=\"article:modified_time\" content=\"2024-11-04T07:35:16+00:00\" \/>\n<meta property=\"og:image\" content=\"https:\/\/pramensvetla.cz\/wp-content\/uploads\/2024\/09\/Svicka_sebelaska_interier15.jpg\" \/>\n\t<meta property=\"og:image:width\" content=\"750\" \/>\n\t<meta property=\"og:image:height\" content=\"500\" \/>\n\t<meta property=\"og:image:type\" content=\"image\/jpeg\" \/>\n<meta name=\"twitter:card\" content=\"summary_large_image\" \/>\n<meta name=\"twitter:label1\" content=\"Est. reading time\" \/>\n\t<meta name=\"twitter:data1\" content=\"6 minutes\" \/>\n<script type=\"application\/ld+json\" class=\"yoast-schema-graph\">{\"@context\":\"https:\\\/\\\/schema.org\",\"@graph\":[{\"@type\":\"WebPage\",\"@id\":\"https:\\\/\\\/pramensvetla.cz\\\/en\\\/produkt\\\/self-love-candle-princess-earth-queen-of-the-prosperity-of-the-universe\\\/\",\"url\":\"https:\\\/\\\/pramensvetla.cz\\\/en\\\/produkt\\\/self-love-candle-princess-earth-queen-of-the-prosperity-of-the-universe\\\/\",\"name\":\"Self-Love Candle - Princess Earth - Queen of the Prosperity of the Universe - Pramen sv\u011btla\",\"isPartOf\":{\"@id\":\"https:\\\/\\\/pramensvetla.cz\\\/en\\\/#website\"},\"primaryImageOfPage\":{\"@id\":\"https:\\\/\\\/pramensvetla.cz\\\/en\\\/produkt\\\/self-love-candle-princess-earth-queen-of-the-prosperity-of-the-universe\\\/#primaryimage\"},\"image\":{\"@id\":\"https:\\\/\\\/pramensvetla.cz\\\/en\\\/produkt\\\/self-love-candle-princess-earth-queen-of-the-prosperity-of-the-universe\\\/#primaryimage\"},\"thumbnailUrl\":\"https:\\\/\\\/pramensvetla.cz\\\/wp-content\\\/uploads\\\/2024\\\/09\\\/Svicka_sebelaska_interier15.jpg\",\"datePublished\":\"2024-10-02T07:11:21+00:00\",\"dateModified\":\"2024-11-04T07:35:16+00:00\",\"breadcrumb\":{\"@id\":\"https:\\\/\\\/pramensvetla.cz\\\/en\\\/produkt\\\/self-love-candle-princess-earth-queen-of-the-prosperity-of-the-universe\\\/#breadcrumb\"},\"inLanguage\":\"en-US\",\"potentialAction\":[{\"@type\":\"ReadAction\",\"target\":[\"https:\\\/\\\/pramensvetla.cz\\\/en\\\/produkt\\\/self-love-candle-princess-earth-queen-of-the-prosperity-of-the-universe\\\/\"]}]},{\"@type\":\"ImageObject\",\"inLanguage\":\"en-US\",\"@id\":\"https:\\\/\\\/pramensvetla.cz\\\/en\\\/produkt\\\/self-love-candle-princess-earth-queen-of-the-prosperity-of-the-universe\\\/#primaryimage\",\"url\":\"https:\\\/\\\/pramensvetla.cz\\\/wp-content\\\/uploads\\\/2024\\\/09\\\/Svicka_sebelaska_interier15.jpg\",\"contentUrl\":\"https:\\\/\\\/pramensvetla.cz\\\/wp-content\\\/uploads\\\/2024\\\/09\\\/Svicka_sebelaska_interier15.jpg\",\"width\":750,\"height\":500},{\"@type\":\"BreadcrumbList\",\"@id\":\"https:\\\/\\\/pramensvetla.cz\\\/en\\\/produkt\\\/self-love-candle-princess-earth-queen-of-the-prosperity-of-the-universe\\\/#breadcrumb\",\"itemListElement\":[{\"@type\":\"ListItem\",\"position\":1,\"name\":\"Dom\u016f\",\"item\":\"https:\\\/\\\/pramensvetla.cz\\\/en\\\/\"},{\"@type\":\"ListItem\",\"position\":2,\"name\":\"Store\",\"item\":\"https:\\\/\\\/pramensvetla.cz\\\/en\\\/store\\\/\"},{\"@type\":\"ListItem\",\"position\":3,\"name\":\"Self-Love Candle &#8211; Princess Earth &#8211; Queen of the Prosperity of the Universe\"}]},{\"@type\":\"WebSite\",\"@id\":\"https:\\\/\\\/pramensvetla.cz\\\/en\\\/#website\",\"url\":\"https:\\\/\\\/pramensvetla.cz\\\/en\\\/\",\"name\":\"Pramen sv\u011btla\",\"description\":\"\",\"publisher\":{\"@id\":\"https:\\\/\\\/pramensvetla.cz\\\/en\\\/#organization\"},\"potentialAction\":[{\"@type\":\"SearchAction\",\"target\":{\"@type\":\"EntryPoint\",\"urlTemplate\":\"https:\\\/\\\/pramensvetla.cz\\\/en\\\/?s={search_term_string}\"},\"query-input\":{\"@type\":\"PropertyValueSpecification\",\"valueRequired\":true,\"valueName\":\"search_term_string\"}}],\"inLanguage\":\"en-US\"},{\"@type\":\"Organization\",\"@id\":\"https:\\\/\\\/pramensvetla.cz\\\/en\\\/#organization\",\"name\":\"Pramen sv\u011btla\",\"url\":\"https:\\\/\\\/pramensvetla.cz\\\/en\\\/\",\"logo\":{\"@type\":\"ImageObject\",\"inLanguage\":\"en-US\",\"@id\":\"https:\\\/\\\/pramensvetla.cz\\\/en\\\/#\\\/schema\\\/logo\\\/image\\\/\",\"url\":\"https:\\\/\\\/pramensvetla.cz\\\/wp-content\\\/uploads\\\/2022\\\/10\\\/cropped-PS_logo_new_verticat_white.webp\",\"contentUrl\":\"https:\\\/\\\/pramensvetla.cz\\\/wp-content\\\/uploads\\\/2022\\\/10\\\/cropped-PS_logo_new_verticat_white.webp\",\"width\":1860,\"height\":875,\"caption\":\"Pramen sv\u011btla\"},\"image\":{\"@id\":\"https:\\\/\\\/pramensvetla.cz\\\/en\\\/#\\\/schema\\\/logo\\\/image\\\/\"}}]}<\/script>\n<!-- \/ Yoast SEO plugin. -->","yoast_head_json":{"title":"Self-Love Candle - Princess Earth - Queen of the Prosperity of the Universe - Pramen sv\u011btla","robots":{"index":"index","follow":"follow","max-snippet":"max-snippet:-1","max-image-preview":"max-image-preview:large","max-video-preview":"max-video-preview:-1"},"canonical":"https:\/\/pramensvetla.cz\/en\/produkt\/self-love-candle-princess-earth-queen-of-the-prosperity-of-the-universe\/","og_locale":"en_US","og_type":"article","og_title":"Self-Love Candle - Princess Earth - Queen of the Prosperity of the Universe - Pramen sv\u011btla","og_description":"It leads to the fulfillment of the greatest and most important mission of every human being - living in authentic strength and inner kindness to oneself.","og_url":"https:\/\/pramensvetla.cz\/en\/produkt\/self-love-candle-princess-earth-queen-of-the-prosperity-of-the-universe\/","og_site_name":"Pramen sv\u011btla","article_modified_time":"2024-11-04T07:35:16+00:00","og_image":[{"width":750,"height":500,"url":"https:\/\/pramensvetla.cz\/wp-content\/uploads\/2024\/09\/Svicka_sebelaska_interier15.jpg","type":"image\/jpeg"}],"twitter_card":"summary_large_image","twitter_misc":{"Est. reading time":"6 minutes"},"schema":{"@context":"https:\/\/schema.org","@graph":[{"@type":"WebPage","@id":"https:\/\/pramensvetla.cz\/en\/produkt\/self-love-candle-princess-earth-queen-of-the-prosperity-of-the-universe\/","url":"https:\/\/pramensvetla.cz\/en\/produkt\/self-love-candle-princess-earth-queen-of-the-prosperity-of-the-universe\/","name":"Self-Love Candle - Princess Earth - Queen of the Prosperity of the Universe - Pramen sv\u011btla","isPartOf":{"@id":"https:\/\/pramensvetla.cz\/en\/#website"},"primaryImageOfPage":{"@id":"https:\/\/pramensvetla.cz\/en\/produkt\/self-love-candle-princess-earth-queen-of-the-prosperity-of-the-universe\/#primaryimage"},"image":{"@id":"https:\/\/pramensvetla.cz\/en\/produkt\/self-love-candle-princess-earth-queen-of-the-prosperity-of-the-universe\/#primaryimage"},"thumbnailUrl":"https:\/\/pramensvetla.cz\/wp-content\/uploads\/2024\/09\/Svicka_sebelaska_interier15.jpg","datePublished":"2024-10-02T07:11:21+00:00","dateModified":"2024-11-04T07:35:16+00:00","breadcrumb":{"@id":"https:\/\/pramensvetla.cz\/en\/produkt\/self-love-candle-princess-earth-queen-of-the-prosperity-of-the-universe\/#breadcrumb"},"inLanguage":"en-US","potentialAction":[{"@type":"ReadAction","target":["https:\/\/pramensvetla.cz\/en\/produkt\/self-love-candle-princess-earth-queen-of-the-prosperity-of-the-universe\/"]}]},{"@type":"ImageObject","inLanguage":"en-US","@id":"https:\/\/pramensvetla.cz\/en\/produkt\/self-love-candle-princess-earth-queen-of-the-prosperity-of-the-universe\/#primaryimage","url":"https:\/\/pramensvetla.cz\/wp-content\/uploads\/2024\/09\/Svicka_sebelaska_interier15.jpg","contentUrl":"https:\/\/pramensvetla.cz\/wp-content\/uploads\/2024\/09\/Svicka_sebelaska_interier15.jpg","width":750,"height":500},{"@type":"BreadcrumbList","@id":"https:\/\/pramensvetla.cz\/en\/produkt\/self-love-candle-princess-earth-queen-of-the-prosperity-of-the-universe\/#breadcrumb","itemListElement":[{"@type":"ListItem","position":1,"name":"Dom\u016f","item":"https:\/\/pramensvetla.cz\/en\/"},{"@type":"ListItem","position":2,"name":"Store","item":"https:\/\/pramensvetla.cz\/en\/store\/"},{"@type":"ListItem","position":3,"name":"Self-Love Candle &#8211; Princess Earth &#8211; Queen of the Prosperity of the Universe"}]},{"@type":"WebSite","@id":"https:\/\/pramensvetla.cz\/en\/#website","url":"https:\/\/pramensvetla.cz\/en\/","name":"Pramen sv\u011btla","description":"","publisher":{"@id":"https:\/\/pramensvetla.cz\/en\/#organization"},"potentialAction":[{"@type":"SearchAction","target":{"@type":"EntryPoint","urlTemplate":"https:\/\/pramensvetla.cz\/en\/?s={search_term_string}"},"query-input":{"@type":"PropertyValueSpecification","valueRequired":true,"valueName":"search_term_string"}}],"inLanguage":"en-US"},{"@type":"Organization","@id":"https:\/\/pramensvetla.cz\/en\/#organization","name":"Pramen sv\u011btla","url":"https:\/\/pramensvetla.cz\/en\/","logo":{"@type":"ImageObject","inLanguage":"en-US","@id":"https:\/\/pramensvetla.cz\/en\/#\/schema\/logo\/image\/","url":"https:\/\/pramensvetla.cz\/wp-content\/uploads\/2022\/10\/cropped-PS_logo_new_verticat_white.webp","contentUrl":"https:\/\/pramensvetla.cz\/wp-content\/uploads\/2022\/10\/cropped-PS_logo_new_verticat_white.webp","width":1860,"height":875,"caption":"Pramen sv\u011btla"},"image":{"@id":"https:\/\/pramensvetla.cz\/en\/#\/schema\/logo\/image\/"}}]}},"_links":{"self":[{"href":"https:\/\/pramensvetla.cz\/en\/wp-json\/wp\/v2\/product\/18432","targetHints":{"allow":["GET"]}}],"collection":[{"href":"https:\/\/pramensvetla.cz\/en\/wp-json\/wp\/v2\/product"}],"about":[{"href":"https:\/\/pramensvetla.cz\/en\/wp-json\/wp\/v2\/types\/product"}],"replies":[{"embeddable":true,"href":"https:\/\/pramensvetla.cz\/en\/wp-json\/wp\/v2\/comments?post=18432"}],"version-history":[{"count":0,"href":"https:\/\/pramensvetla.cz\/en\/wp-json\/wp\/v2\/product\/18432\/revisions"}],"wp:featuredmedia":[{"embeddable":true,"href":"https:\/\/pramensvetla.cz\/en\/wp-json\/wp\/v2\/media\/17868"}],"wp:attachment":[{"href":"https:\/\/pramensvetla.cz\/en\/wp-json\/wp\/v2\/media?parent=18432"}],"wp:term":[{"taxonomy":"product_brand","embeddable":true,"href":"https:\/\/pramensvetla.cz\/en\/wp-json\/wp\/v2\/product_brand?post=18432"},{"taxonomy":"product_cat","embeddable":true,"href":"https:\/\/pramensvetla.cz\/en\/wp-json\/wp\/v2\/product_cat?post=18432"},{"taxonomy":"product_tag","embeddable":true,"href":"https:\/\/pramensvetla.cz\/en\/wp-json\/wp\/v2\/product_tag?post=18432"}],"curies":[{"name":"wp","href":"https:\/\/api.w.org\/{rel}","templated":true}]}}